{"id":1283,"date":"2017-12-07T15:54:51","date_gmt":"2017-12-07T14:54:51","guid":{"rendered":"http:\/\/dev.brandfactory.it\/alphastar\/?page_id=1283"},"modified":"2021-07-30T20:02:43","modified_gmt":"2021-07-30T18:02:43","slug":"prodotti","status":"publish","type":"page","link":"https:\/\/dev.brandfactory.it\/alphastar\/prodotti\/","title":{"rendered":"Prodotti"},"content":{"rendered":"<p><div class=\"fusion-fullwidth fullwidth-box nonhundred-percent-fullwidth non-hundred-percent-height-scrolling\"  style='background-color: rgba(255,255,255,0);background-position: left top;background-repeat: no-repeat;padding-top:50px;padding-right:0px;padding-bottom:50px;padding-left:0px;border-top-width:0px;border-bottom-width:0px;border-color:#eae9e9;border-top-style:solid;border-bottom-style:solid;'><div class=\"fusion-builder-row fusion-row \"><div  class=\"fusion-layout-column fusion_builder_column fusion_builder_column_1_1  fusion-one-full fusion-column-first fusion-column-last 1_1\"  style='margin-top:0px;margin-bottom:0px;'>\n\t\t\t\t\t<div class=\"fusion-column-wrapper\" style=\"padding: 0px 0px 0px 0px;background-position:left top;background-repeat:no-repeat;-webkit-background-size:cover;-moz-background-size:cover;-o-background-size:cover;background-size:cover;\"  data-bg-url=\"\">\n\t\t\t\t\t\t<div class=\"fusion-text\"><p style=\"text-align: center;\"><span style=\"color: #374659;\">Con la nostra bolletta digitale puoi verificare concretamente come \u00e8 composto il calcolo della tua spesa. Nessun costo nascosto o spiegato male: con Alphastar ricevi la bolletta digitale, risparmi sulle spese di spedizione e per ogni esigenza puoi contattare i nostri uffici.<\/span><\/p>\n<p style=\"text-align: center;\"><span style=\"color: #374659;\">Non troverai call center invasivi, operatori minacciosi e maleducati, tecnici incapaci di darti un riscontro tempestivamente, ma consulenti pronti a guidarti nelle tue necessit\u00e0 offrendoti le soluzioni pi\u00f9 idonee nel pi\u00f9 breve tempo possibile.<\/span><\/p>\n<\/div><div class=\"fusion-clearfix\"><\/div>\n\n\t\t\t\t\t<\/div>\n\t\t\t\t<\/div><\/div><\/div><div id=\"section1\" class=\"fusion-fullwidth fullwidth-box mass-responsive-section nonhundred-percent-fullwidth non-hundred-percent-height-scrolling fusion-equal-height-columns\"  style='background-color: #f5f5f5;background-position: left top;background-repeat: no-repeat;padding-top:40px;padding-right:0px;padding-bottom:0px;padding-left:0px;border-top-width:0px;border-bottom-width:0px;border-color:#eae9e9;border-top-style:solid;border-bottom-style:solid;'><div class=\"fusion-builder-row fusion-row \"><div  class=\"fusion-layout-column fusion_builder_column fusion_builder_column_1_1  fusion-one-full fusion-column-first fusion-column-last fusion-column-no-min-height 1_1\"  style='margin-top:0px;margin-bottom:20px;'>\n\t\t\t\t\t<div class=\"fusion-column-wrapper\" style=\"padding: 0px 15% 0px 15%;background-position:left top;background-repeat:no-repeat;-webkit-background-size:cover;-moz-background-size:cover;-o-background-size:cover;background-size:cover;\"  data-bg-url=\"\">\n\t\t\t\t\t\t<div class=\"imageframe-align-center\"><span class=\"fusion-imageframe imageframe-none imageframe-1 hover-type-none\"><img loading=\"lazy\" src=\"http:\/\/dev.brandfactory.it\/alphastar\/wp-content\/uploads\/Alpha-ico-luce.gif\" width=\"\" height=\"\" alt=\"\" title=\"\" class=\"img-responsive\"\/><\/span><\/div><div class=\"fusion-text\"><h2 style=\"text-align: center;\"><strong>Luce<\/strong><\/h2>\n<\/div><div class=\"fusion-sep-clear\"><\/div><div class=\"fusion-separator sep-single sep-solid\" style=\"border-color:#f1676b;border-top-width:2px;margin-left: auto;margin-right: auto;margin-top:0px;margin-bottom:30px;width:100%;max-width:206px;\"><\/div><div class=\"fusion-text\"><p style=\"text-align: center;\">Alphastar ti offre differenti soluzioni in base alle tue esigenze e necessit\u00e0, raccolte in due tipologie di offerte.<br \/>\n<strong>Fatti guidare dai nostri consulenti per scegliere la soluzione pi\u00f9 adatta per te!<\/strong><\/p>\n<\/div><div class=\"fusion-clearfix\"><\/div>\n\n\t\t\t\t\t<\/div>\n\t\t\t\t<\/div><div  class=\"fusion-layout-column fusion_builder_column fusion_builder_column_1_2  fusion-one-half fusion-column-first fusion-blend-mode 1_2\"  style='margin-top:0px;margin-bottom:50px;width:48%; margin-right: 4%;'>\n\t\t\t\t\t<div class=\"fusion-column-wrapper\" style=\"background-color:#f1676b;padding: 20px 0px 0px 0px;background-position:left top;background-repeat:no-repeat;-webkit-background-size:cover;-moz-background-size:cover;-o-background-size:cover;background-size:cover;\"  data-bg-url=\"\">\n\t\t\t\t\t\t<div class=\"fusion-text\"><div class=\"box-prodotti\">\n<p style=\"text-align: center;\"><span style=\"color: #ffffff;\"><div class=\"fusion-fa-align-center\"><i class=\"fa fontawesome-icon fa-line-chart circle-yes\" style=\"border-color:#cb585d;background-color:#cb585d;font-size:30.8px;line-height:61.6px;height:61.6px;width:61.6px;color:#FFF;\"><\/i><\/div><\/span><\/p>\n<h2 class=\"fino\" style=\"text-align: center;\"><span style=\"color: #ffffff;\"><strong>OFFERTA A COSTO VARIABILE<\/strong><\/span><\/h2>\n<p class=\"alt-riga\" style=\"text-align: center;\"><span style=\"color: #ffffff;\"><strong>PUN + SPREAD (per utenze business e private) <\/strong><\/span><\/p>\n<p class=\"alt-riga\" style=\"text-align: center;\"><span style=\"color: #ffffff;\">Acquista la tua energia al PUN (prezzo unico nazionale) della borsa elettrica incrementato dello spread indicato nella tabella che ti verr\u00e0 presentata da un nostro consulente.<\/span><\/p>\n<p class=\"alt-riga\" style=\"text-align: center;\"><span style=\"color: #ffffff;\">Cos\u00ec facendo potrai sempre verificare l\u2019andamento dei prezzi dell\u2019energia elettrica collegandoti al sito del Gestore dei Mercati Energetici &#8211; GME (<a class=\"link-w\" href=\"http:\/\/www.mercatoelettrico.org\">www.mercatoelettrico.org<\/a>)<\/span><\/p>\n<\/div>\n<\/div><div class=\"fusion-button-wrapper\"><style type=\"text\/css\" scoped=\"scoped\">.fusion-button.button-1 .fusion-button-text, .fusion-button.button-1 i {color:#ffffff;}.fusion-button.button-1 {border-width:0px;border-color:#ffffff;}.fusion-button.button-1 .fusion-button-icon-divider{border-color:#ffffff;}.fusion-button.button-1:hover .fusion-button-text, .fusion-button.button-1:hover i,.fusion-button.button-1:focus .fusion-button-text, .fusion-button.button-1:focus i,.fusion-button.button-1:active .fusion-button-text, .fusion-button.button-1:active{color:#ffffff;}.fusion-button.button-1:hover, .fusion-button.button-1:focus, .fusion-button.button-1:active{border-width:0px;border-color:#ffffff;}.fusion-button.button-1:hover .fusion-button-icon-divider, .fusion-button.button-1:hover .fusion-button-icon-divider, .fusion-button.button-1:active .fusion-button-icon-divider{border-color:#ffffff;}.fusion-button.button-1{background: #374659;}.fusion-button.button-1:hover,.button-1:focus,.fusion-button.button-1:active{background: #333333;}.fusion-button.button-1{width:100%;}<\/style><a class=\"fusion-button button-flat fusion-button-square button-large button-custom button-1\" target=\"_self\" href=\"contatti\"><span class=\"fusion-button-text\">Richiedi un preventivo<\/span><\/a><\/div><div class=\"fusion-clearfix\"><\/div>\n\n\t\t\t\t\t<\/div>\n\t\t\t\t<\/div><div  class=\"fusion-layout-column fusion_builder_column fusion_builder_column_1_2  fusion-one-half fusion-column-last fusion-blend-mode box-prodotti 1_2\"  style='margin-top:0px;margin-bottom:50px;width:48%'>\n\t\t\t\t\t<div class=\"fusion-column-wrapper\" style=\"background-color:#f1676b;padding: 20px 0px 0px 0px;background-position:left top;background-repeat:no-repeat;-webkit-background-size:cover;-moz-background-size:cover;-o-background-size:cover;background-size:cover;\"  data-bg-url=\"\">\n\t\t\t\t\t\t<div class=\"fusion-text\"><div class=\"box-prodotti\">\n<p style=\"text-align: center;\"><div class=\"fusion-fa-align-center\"><i class=\"fa fontawesome-icon fa-clock-o circle-yes\" style=\"border-color:#cb585d;background-color:#cb585d;font-size:30.8px;line-height:61.6px;height:61.6px;width:61.6px;color:#FFF;\"><\/i><\/div><\/p>\n<h2 class=\"fino\" style=\"text-align: center;\"><span style=\"color: #ffffff;\"><strong>OFFERTA A PREZZO FISSO<\/strong><\/span><\/h2>\n<h3 class=\"alt-riga\" style=\"text-align: center;\"><span style=\"color: #ffffff;\"><strong>FISSO monorario<\/strong><\/span><\/h3>\n<p class=\"alt-riga\" style=\"text-align: center;\"><span style=\"color: #ffffff;\">Prezzo bloccato a tutte le ore del giorno e della notte.<\/span><\/p>\n<h3 class=\"alt-riga\" style=\"text-align: center;\"><span style=\"color: #ffffff;\"><strong>FISSO multiorario<\/strong><\/span><\/h3>\n<p class=\"alt-riga\" style=\"text-align: center;\"><span style=\"color: #ffffff;\">Scegli di risparmiare secondo le tue abitudini di consumo. Il prezzo si adatta al tuo stile di vita.<\/span><\/p>\n<\/div>\n<\/div><div class=\"fusion-button-wrapper\"><style type=\"text\/css\" scoped=\"scoped\">.fusion-button.button-2 .fusion-button-text, .fusion-button.button-2 i {color:#ffffff;}.fusion-button.button-2 {border-width:0px;border-color:#ffffff;}.fusion-button.button-2 .fusion-button-icon-divider{border-color:#ffffff;}.fusion-button.button-2:hover .fusion-button-text, .fusion-button.button-2:hover i,.fusion-button.button-2:focus .fusion-button-text, .fusion-button.button-2:focus i,.fusion-button.button-2:active .fusion-button-text, .fusion-button.button-2:active{color:#ffffff;}.fusion-button.button-2:hover, .fusion-button.button-2:focus, .fusion-button.button-2:active{border-width:0px;border-color:#ffffff;}.fusion-button.button-2:hover .fusion-button-icon-divider, .fusion-button.button-2:hover .fusion-button-icon-divider, .fusion-button.button-2:active .fusion-button-icon-divider{border-color:#ffffff;}.fusion-button.button-2{background: #374659;}.fusion-button.button-2:hover,.button-2:focus,.fusion-button.button-2:active{background: #333333;}.fusion-button.button-2{width:100%;}<\/style><a class=\"fusion-button button-flat fusion-button-square button-large button-custom button-2\" target=\"_self\" href=\"contatti\"><span class=\"fusion-button-text\">Richiedi un preventivo<\/span><\/a><\/div><div class=\"fusion-clearfix\"><\/div>\n\n\t\t\t\t\t<\/div>\n\t\t\t\t<\/div><div  class=\"fusion-layout-column fusion_builder_column fusion_builder_column_1_1  fusion-one-full fusion-column-first fusion-column-last fusion-column-no-min-height 1_1\"  style='margin-top:0px;margin-bottom:0px;'>\n\t\t\t\t\t<div class=\"fusion-column-wrapper\" style=\"padding: 0px 0px 0px 0px;background-position:left top;background-repeat:no-repeat;-webkit-background-size:cover;-moz-background-size:cover;-o-background-size:cover;background-size:cover;\"  data-bg-url=\"\">\n\t\t\t\t\t\t<div class=\"fusion-sep-clear\"><\/div><div class=\"fusion-separator fusion-full-width-sep sep-none\" style=\"margin-left: auto;margin-right: auto;margin-top:20px;margin-bottom:0px;\"><\/div><div class=\"fusion-clearfix\"><\/div>\n\n\t\t\t\t\t<\/div>\n\t\t\t\t<\/div><\/div><\/div><div class=\"fusion-bg-parallax\"  data-bg-align=\"center center\" data-direction=\"up\" data-mute=\"false\" data-opacity=\"100\" data-velocity=\"-0.3\" data-mobile-enabled=\"false\" data-break_parents=\"0\" data-bg-image=\"http:\/\/dev.brandfactory.it\/alphastar\/wp-content\/uploads\/alpha-gas-sfondo.jpg\" data-bg-repeat=\"false\" data-bg-height=\"\" data-bg-width=\"\"><\/div><div class=\"fusion-fullwidth fullwidth-box fusion-parallax-up nonhundred-percent-fullwidth non-hundred-percent-height-scrolling\"  style='background-color: rgba(255,255,255,0);background-image: url(\"http:\/\/dev.brandfactory.it\/alphastar\/wp-content\/uploads\/alpha-gas-sfondo.jpg\");background-position: center center;background-repeat: no-repeat;padding-top:0px;padding-right:0px;padding-bottom:0px;padding-left:0px;border-top-width:0px;border-bottom-width:0px;border-color:#eae9e9;border-top-style:solid;border-bottom-style:solid;-webkit-background-size:cover;-moz-background-size:cover;-o-background-size:cover;background-size:cover;background-attachment:up;'><div class=\"fusion-builder-row fusion-row \"><div  class=\"fusion-layout-column fusion_builder_column fusion_builder_column_1_1  fusion-one-full fusion-column-first fusion-column-last 1_1\"  style='margin-top:0px;margin-bottom:0px;'>\n\t\t\t\t\t<div class=\"fusion-column-wrapper\" style=\"background-position:left top;background-repeat:no-repeat;-webkit-background-size:cover;-moz-background-size:cover;-o-background-size:cover;background-size:cover;\"  data-bg-url=\"\">\n\t\t\t\t\t\t<div class=\"fusion-section-separator section-separator fusion-section-separator-with-offset\" style=\"padding:0;margin-left:calc( (100vw - 100% ) \/ -2  );margin-right:calc( (100vw - 100% ) \/ -2   );\"><svg id=\"bigHalfCircleCandy\" xmlns=\"http:\/\/www.w3.org\/2000\/svg\" version=\"1.1\" width=\"100%\" height=\"100\" viewBox=\"0 0 100 100\" preserveAspectRatio=\"none\" style=\"fill:#f5f5f5;padding:0;\"><path d=\"M0 0 C55 180 100 0 100 0 Z\"><\/path><\/svg><\/div><div class=\"fusion-clearfix\"><\/div>\n\n\t\t\t\t\t<\/div>\n\t\t\t\t<\/div><div  class=\"fusion-layout-column fusion_builder_column fusion_builder_column_1_1  fusion-one-full fusion-column-first fusion-column-last 1_1\"  style='margin-top:0px;margin-bottom:0px;'>\n\t\t\t\t\t<div class=\"fusion-column-wrapper\" style=\"padding: 0px 0px 0px 0px;background-position:left top;background-repeat:no-repeat;-webkit-background-size:cover;-moz-background-size:cover;-o-background-size:cover;background-size:cover;\"  data-bg-url=\"\">\n\t\t\t\t\t\t<div class=\"fusion-text\"><h2 style=\"text-align: center;\"><img loading=\"lazy\" class=\"alignnone wp-image-1346 size-full\" src=\"http:\/\/dev.brandfactory.it\/alphastar\/wp-content\/uploads\/Alpha-ico-gas-dark.png\" alt=\"\" width=\"62\" height=\"62\" \/><\/h2>\n<\/div><div class=\"fusion-sep-clear\"><\/div><div class=\"fusion-separator sep-single sep-solid\" style=\"border-color:#f1676b;border-top-width:2px;margin-left: auto;margin-right: auto;margin-top:0px;margin-bottom:30px;width:100%;max-width:206px;\"><\/div><div class=\"fusion-text\"><h2 style=\"text-align: center;\"><span style=\"color: #ffffff;\">Offerta chiara per il gas della tua abitazione e della tua azienda<\/span><\/h2>\n<p style=\"text-align: center;\"><span style=\"color: #ffffff;\"><strong>Spendi meno e spendi meglio, per te e la tua impresa!<\/strong><\/span><\/p>\n<p style=\"text-align: center;\"><span style=\"color: #ffffff;\">Il prezzo componente materia gas naturale \u00e8 un prezzo variabile PFOR,T\u00a0<\/span><\/p>\n<\/div><div class=\"fusion-clearfix\"><\/div>\n\n\t\t\t\t\t<\/div>\n\t\t\t\t<\/div><div  class=\"fusion-layout-column fusion_builder_column fusion_builder_column_1_1  fusion-one-full fusion-column-first fusion-column-last fusion-blend-mode 1_1\"  style='margin-top:0px;margin-bottom:0px;'>\n\t\t\t\t\t<div class=\"fusion-column-wrapper\" style=\"background-color:rgba(109,109,109,0);background-position:left top;background-repeat:no-repeat;-webkit-background-size:cover;-moz-background-size:cover;-o-background-size:cover;background-size:cover;\"  data-bg-url=\"\">\n\t\t\t\t\t\t<div class=\"fusion-section-separator section-separator fusion-section-separator-with-offset\" style=\"padding:0;margin-left:calc( (100vw - 100% ) \/ -2  );margin-right:calc( (100vw - 100% ) \/ -2   );\"><svg id=\"bigHalfCircleCandy\" xmlns=\"http:\/\/www.w3.org\/2000\/svg\" version=\"1.1\" width=\"100%\" height=\"100\" viewBox=\"0 0 100 100\" preserveAspectRatio=\"none\" style=\"fill:#ffffff;padding:0;\"><path d=\"M0 100 C40 0 60 0 100 100 Z\"><\/path><\/svg><\/div><div class=\"fusion-clearfix\"><\/div>\n\n\t\t\t\t\t<\/div>\n\t\t\t\t<\/div><\/div><\/div><div class=\"fusion-fullwidth fullwidth-box nonhundred-percent-fullwidth non-hundred-percent-height-scrolling\"  style='background-color: rgba(255,255,255,0);background-position: left top;background-repeat: no-repeat;padding-right:0px;padding-bottom:70px;padding-left:0px;border-top-width:0px;border-bottom-width:0px;border-color:#eae9e9;border-top-style:solid;border-bottom-style:solid;'><div class=\"fusion-builder-row fusion-row \"><div  class=\"fusion-layout-column fusion_builder_column fusion_builder_column_1_1  fusion-one-full fusion-column-first fusion-column-last 1_1\"  style='margin-top:0px;margin-bottom:0px;'>\n\t\t\t\t\t<div class=\"fusion-column-wrapper\" style=\"padding: 0px 15% 0px 15%;background-position:left top;background-repeat:no-repeat;-webkit-background-size:cover;-moz-background-size:cover;-o-background-size:cover;background-size:cover;\"  data-bg-url=\"\">\n\t\t\t\t\t\t<div class=\"fusion-text\"><h2 style=\"text-align: center;\"><img loading=\"lazy\" class=\"alignnone wp-image-1345 size-full\" src=\"http:\/\/dev.brandfactory.it\/alphastar\/wp-content\/uploads\/Alpha-ico-efficienza-W.png\" alt=\"\" width=\"62\" height=\"60\" \/><\/h2>\n<\/div><div class=\"fusion-sep-clear\"><\/div><div class=\"fusion-separator sep-single sep-solid\" style=\"border-color:#f1676b;border-top-width:2px;margin-left: auto;margin-right: auto;margin-top:0px;margin-bottom:30px;width:100%;max-width:206px;\"><\/div><div class=\"fusion-text\"><h2 style=\"font-weight: 300; text-align: center;\">Efficienza energetica<\/h2>\n<\/div><div class=\"fusion-text\"><p style=\"text-align: center;\">Ricevere le bollette \u00e8 un momento di sconforto e dispiacere? Niente paura! Oltre alle nostre specifiche tariffe per la tua abitazione e la tua azienda, Alphastar ti guida nella scelta delle migliori soluzioni &#8211; sia in termini di stili di consumo che di infrastrutture &#8211; per contenere i costi ed ottenere un circuito virtuoso.<\/p>\n<p style=\"text-align: center;\">Contatta i nostri agenti per un appuntamento gratuito e senza impegno e lasciati consigliare sulle migliori azioni da effettuare per ottenere un concreto ritorno in termini di efficienza.<\/p>\n<p style=\"text-align: center;\"><strong>Risparmi, spendi il giusto e non vedrai l\u2019ora di confrontare le tue nuove bollette!<\/strong><\/p>\n<\/div><div class=\"fusion-sep-clear\"><\/div><div class=\"fusion-separator fusion-full-width-sep sep-none\" style=\"margin-left: auto;margin-right: auto;margin-top:30px;\"><\/div><div class=\"fusion-button-wrapper fusion-aligncenter\"><style type=\"text\/css\" scoped=\"scoped\">.fusion-button.button-3 .fusion-button-text, .fusion-button.button-3 i {color:#ffffff;}.fusion-button.button-3 {border-width:0px;border-color:#ffffff;}.fusion-button.button-3 .fusion-button-icon-divider{border-color:#ffffff;}.fusion-button.button-3:hover .fusion-button-text, .fusion-button.button-3:hover i,.fusion-button.button-3:focus .fusion-button-text, .fusion-button.button-3:focus i,.fusion-button.button-3:active .fusion-button-text, .fusion-button.button-3:active{color:#ffffff;}.fusion-button.button-3:hover, .fusion-button.button-3:focus, .fusion-button.button-3:active{border-width:0px;border-color:#ffffff;}.fusion-button.button-3:hover .fusion-button-icon-divider, .fusion-button.button-3:hover .fusion-button-icon-divider, .fusion-button.button-3:active .fusion-button-icon-divider{border-color:#ffffff;}.fusion-button.button-3{background: #f1676b;}.fusion-button.button-3:hover,.button-3:focus,.fusion-button.button-3:active{background: #cb585d;}.fusion-button.button-3{width:auto;}<\/style><a class=\"fusion-button button-flat fusion-button-square button-large button-custom button-3\" target=\"_self\" title=\"Richiedi un preventivo\" href=\"http:\/\/dev.brandfactory.it\/alphastar\/contatti\"><span class=\"fusion-button-text\">Richiedi un preventivo<\/span><\/a><\/div><div class=\"fusion-clearfix\"><\/div>\n\n\t\t\t\t\t<\/div>\n\t\t\t\t<\/div><\/div><\/div><\/p>\n","protected":false},"excerpt":{"rendered":"","protected":false},"author":1,"featured_media":0,"parent":0,"menu_order":0,"comment_status":"closed","ping_status":"closed","template":"100-width.php","meta":[],"_links":{"self":[{"href":"https:\/\/dev.brandfactory.it\/alphastar\/wp-json\/wp\/v2\/pages\/1283"}],"collection":[{"href":"https:\/\/dev.brandfactory.it\/alphastar\/wp-json\/wp\/v2\/pages"}],"about":[{"href":"https:\/\/dev.brandfactory.it\/alphastar\/wp-json\/wp\/v2\/types\/page"}],"author":[{"embeddable":true,"href":"https:\/\/dev.brandfactory.it\/alphastar\/wp-json\/wp\/v2\/users\/1"}],"replies":[{"embeddable":true,"href":"https:\/\/dev.brandfactory.it\/alphastar\/wp-json\/wp\/v2\/comments?post=1283"}],"version-history":[{"count":47,"href":"https:\/\/dev.brandfactory.it\/alphastar\/wp-json\/wp\/v2\/pages\/1283\/revisions"}],"predecessor-version":[{"id":1655,"href":"https:\/\/dev.brandfactory.it\/alphastar\/wp-json\/wp\/v2\/pages\/1283\/revisions\/1655"}],"wp:attachment":[{"href":"https:\/\/dev.brandfactory.it\/alphastar\/wp-json\/wp\/v2\/media?parent=1283"}],"curies":[{"name":"wp","href":"https:\/\/api.w.org\/{rel}","templated":true}]}}