{"id":1430,"date":"2021-07-21T11:00:21","date_gmt":"2021-07-21T09:00:21","guid":{"rendered":"http:\/\/dev.brandfactory.it\/alphastar\/?page_id=1430"},"modified":"2021-07-28T17:29:56","modified_gmt":"2021-07-28T15:29:56","slug":"assicurazione-clienti-finali","status":"publish","type":"page","link":"https:\/\/dev.brandfactory.it\/alphastar\/assicurazione-clienti-finali\/","title":{"rendered":"Assicurazione Clienti Finali"},"content":{"rendered":"\n<h2>Copertura assicurativa per chi utilizza gas<\/h2>\n\n\n\n<p>Chiunque usi, anche occasionalmente, gas naturale o altro tipo di gas fornito tramite reti di distribuzione urbana o reti di trasporto, beneficia in via automatica di una copertura assicurativa contro gli incidenti da gas, ai sensi della deliberazione 167\/2020\/R\/gas dell\u2019Autorit\u00e0 di Regolazione per Energia Reti e Ambiente. La copertura assicurativa \u00e8 valida su tutto il territorio nazionale; da essa sono esclusi:<\/p>\n\n\n\n<ul><li>i clienti finali di gas metano diversi dai clienti domestici o condominiali domestici dotati di un misuratore di classe superiore a G25 (la classe del misuratore \u00e8 indicata in bolletta);<\/li><li>i consumatori di gas metano per autotrazione.<\/li><\/ul>\n\n\n\n<p>Le garanzie prestate riguardano: la responsabilit\u00e0 civile nei confronti di terzi, gli incendi e gli infortuni, che abbiano origine negli impianti e negli apparecchi a valle del punto di consegna del gas (a valle del contatore).<\/p>\n\n\n\n<p>L\u2019assicurazione \u00e8 stipulata dal CIG (Comitato Italiano Gas) per conto dei clienti finali. Per ulteriori dettagli in merito alla copertura assicurativa e alla modulistica da utilizzare per la denuncia di un eventuale sinistro si pu\u00f2 contattare lo Sportello per il consumatore energia reti e ambiente al numero verde 800.166.654 o con le modalit\u00e0 indicate nel sito internet&nbsp;<a href=\"http:\/\/www.arera.it\/\">www.arera.it<\/a>.<\/p>\n\n\n\n<p>Per informazioni sullo stato di una pratica assicurativa aperta a seguito di una precedente denuncia di sinistro, per assistenza sulla compilazione del modulo di denuncia del sinistro (MDS),<br>per l\u2019inoltro di reclami \u00e8 possibile contattare direttamente il Comitato Italiano Gas (Cig) ai seguenti recapiti:<\/p>\n\n\n\n<ul><li>Numero verde 800.929.286 attivo dal Luned\u00ec al Gioved\u00ec dalle ore 09:00 alle 12:00 ed il Venerd\u00ec dalle ore 09:00 alle 13:00 \u2013 fax numero&nbsp;02.72001646;<\/li><li>casella di posta elettronica&nbsp;<a href=\"mailto:assigas@cig.it\">assigas@cig.it<\/a>;<\/li><li><\/li><\/ul>\n\n\n\n<p class=\"has-medium-font-size\"><strong>Documentazione per i clienti finali per sinistri occorsi nel periodo 01.01.2021-31.12.2024<\/strong><\/p>\n\n\n\n<div class=\"wp-block-file\"><a href=\"http:\/\/dev.brandfactory.it\/alphastar\/wp-content\/uploads\/Allegato-A-alla-Deliberazione-167-20.pdf\">Allegato A<\/a><a href=\"http:\/\/dev.brandfactory.it\/alphastar\/wp-content\/uploads\/Allegato-A-alla-Deliberazione-167-20.pdf\" class=\"wp-block-file__button\" download>Download<\/a><\/div>\n\n\n\n<div class=\"wp-block-file\"><a href=\"http:\/\/dev.brandfactory.it\/alphastar\/wp-content\/uploads\/Deliberazione-ARERA-n.167-20.pdf\"><a rel=\"noreferrer noopener\" href=\"https:\/\/www.enegan.it\/wp-content\/uploads\/2021\/02\/Testo-integrale-della-delibera.pdf\" target=\"_blank\">Testo integrale della delibera<\/a><\/a><a href=\"http:\/\/dev.brandfactory.it\/alphastar\/wp-content\/uploads\/Deliberazione-ARERA-n.167-20.pdf\" class=\"wp-block-file__button\" download>Download<\/a><\/div>\n\n\n\n<div class=\"wp-block-file\"><a href=\"http:\/\/dev.brandfactory.it\/alphastar\/wp-content\/uploads\/Modulo-di-denuncia-del-sinistro.pdf\"><a rel=\"noreferrer noopener\" href=\"https:\/\/www.enegan.it\/wp-content\/uploads\/2021\/02\/Modulo-di-denuncia-sinistri.pdf\" target=\"_blank\">Modulo di denuncia sinistri<\/a><\/a><a href=\"http:\/\/dev.brandfactory.it\/alphastar\/wp-content\/uploads\/Modulo-di-denuncia-del-sinistro.pdf\" class=\"wp-block-file__button\" download>Download<\/a><\/div>\n\n\n\n<div class=\"wp-block-file\"><a href=\"http:\/\/dev.brandfactory.it\/alphastar\/wp-content\/uploads\/Polizza-assicurativa.pdf\"><a rel=\"noreferrer noopener\" href=\"https:\/\/www.enegan.it\/wp-content\/uploads\/2021\/02\/Polizza-assicurazione.pdf\" target=\"_blank\">Polizza di assicurazione<\/a><\/a><a href=\"http:\/\/dev.brandfactory.it\/alphastar\/wp-content\/uploads\/Polizza-assicurativa.pdf\" class=\"wp-block-file__button\" download>Download<\/a><\/div>\n\n\n\n<h4>INFORMATIVA SULL\u2019ASSICURAZIONE DEI CLIENTI FINALI PER INFORTUNI, INCIDENTI E LA RESPONSABILITA\u2019 CIVILE DERIVANTI DALL\u2019USO DEL GAS<\/h4>\n<p>L\u2019assicurazione Clienti Finali \u00e8 la polizza assicurativa, nazionale e collettiva, stipulata dal Cig (Comitato Italiano Gas) per conto dei clienti finali del gas al fine di tutelare questi ultimi nel caso di incidenti o infortuni, anche subiti da familiari, conviventi e dipendenti, che hanno origine negli impianti e negli apparecchi a valle del punto di riconsegna del gas (PDR) assicurato.<\/p>\n<p>\u00a0<\/p>\n<p>In particolare, la polizza copre gli infortuni, i danni cagionati a beni mobili e\/o immobili ed alla salute, a qualunque titolo provocati e da chiunque subiti, nonch\u00e9 le conseguenze della Responsabilit\u00e0 Civile derivanti agli Assicurati in seguito a sinistri che siano conseguenza diretta di dispersioni e\/o fughe di gas da qualsiasi evento occasionate, che si manifestano mediante incendio, scoppio ed esplosione. Si intendono compresi gli infortuni per casi d\u2019intossicazione e asfissia comunque provocati da gas, monossido di carbonio etc.<\/p>\n<p>\u00a0<\/p>\n<p>In sostanza la polizza copre tutti i danni a beni mobili e\/o immobili e alla salute, a qualsiasi titolo provocati e da chiunque subiti, che abbiano origine a valle del punto di riconsegna (in genere il contatore gas) su utenze servite a mezzo di reti di trasporto o distribuzione, anche se determinati da suicidio o tentato suicidio.<\/p>\n<p>\u00a0<\/p>\n<p><strong>La polizza assicurativa, dal Comitato Italiano Gas con AVIVA ITALIA S.r.l , sar\u00e0 efficace per il periodo compreso tra l\u20191 gennaio 2021 e l\u20191 gennaio 2025.<\/strong><\/p>\n<p>\u00a0<\/p>\n<p>L\u2019assicurazione, valida su tutto il territorio nazionale, \u00e8 attivata in via automatica ed \u00e8 regolamentata dalla Deliberazione 19 maggio 2020 n.167\/2020\/R\/GAS \u201c<em>Disposizioni in materia di assicurazione a favore dei clienti finali del gas per il quadriennio 1\u00b0 gennaio 2021 \u2013 31 dicembre 2024\u201d\u00a0<\/em>e copre i clienti domestici (anche occasionali) e i clienti condominiali domestici che usano, anche occasionalmente, gas metano o un altro tipo di gas fornito tramite reti di distribuzione urbana o reti di trasporto.<\/p>\n<p>\u00a0<\/p>\n<p>Esclusi dalla copertura sono, invece, i clienti finali di gas diversi dai clienti domestici o condominiali domestici dotati di un misuratore di classe superiore a G25 (la classe del misuratore \u00e8 indicata in bolletta), i clienti finali di gas che svolgono una attivit\u00e0 di pubblico servizio dotati anch\u2019essi di un misuratore di classe superiore a G25, nonch\u00e9 i consumatori di gas metano per autotrazione.<\/p>\n<p>\u00a0<\/p>\n<p>Il premio complessivo annuo per punto di riconsegna assicurato, imposte incluse, \u00e8 pari ad \u20ac 0,45 per ciascuno degli anni 2021-2022-2023-2024. Il costo per punto di riconsegna assicurato verr\u00e0 addebitato nella prima bolletta utile che contabilizza consumi relativi al 31 dicembre dell\u2019anno precedente.<\/p>\n<p>\u00a0<\/p>\n<p>L\u2019Autorit\u00e0 per l\u2019energia elettrica, il gas ed il sistema idrico si riserva la possibilit\u00e0 di aggiornare il premio complessivo annuo per punto di riconsegna assicurato in base alle informazioni trasmesse dalla CSEA (Cassa per i servizi energetici e ambientali) sulla situazione del Conto assicurazione e alle esigenze del gettito.<\/p>\n<h4>\u00a0<\/h4>\n<h4>COSA FARE IN CASO DI SINISTRO PER ATTIVARE LA POLIZZA ASSICURATIVA<\/h4>\n<p>In caso di sinistro, il Cliente danneggiato deve inoltrate la relativa denuncia al Cig, direttamente o tramite il proprio Fornitore o altra persona fisica o giuridica che ne abbia la facolt\u00e0, utilizzando l\u2019apposito modulo di cui sopra (Modulo di denuncia del sinistro), disponibile anche sul sito web del Comitato (<a href=\"http:\/\/www.cig.it\/\">www.cig.it<\/a>) alla pagina \u201cAssicurazione\u201d. Sar\u00e0 cura del Cig provvedere alla trasmissione delle denunce alla Societ\u00e0 assicurativa e ad informare l\u2019Assicurato e\/o il Danneggiato in merito ai suoi obblighi e diritti riconducibili alla suddetta polizza. La Societ\u00e0 Assicurativa entro sette giorni lavorativi dalla ricezione della denuncia da parte del Cig, provveder\u00e0 a comunicare all\u2019Assicurato e\/o al Danneggiato ed al Cig il relativo numero di sinistro e i riferimenti del perito incaricato.<\/p>\n","protected":false},"excerpt":{"rendered":"<p>Copertura assicurativa per chi utilizza gas Chiunque usi, anche occasionalmente, gas naturale o altro tipo di gas fornito tramite reti di distribuzione urbana o reti di trasporto, beneficia in via automatica di una copertura assicurativa contro gli incidenti da gas, ai sensi della deliberazione 167\/2020\/R\/gas dell\u2019Autorit\u00e0 di Regolazione per Energia Reti e Ambiente. La copertura [&hellip;]<\/p>\n","protected":false},"author":4,"featured_media":0,"parent":0,"menu_order":0,"comment_status":"closed","ping_status":"closed","template":"","meta":[],"_links":{"self":[{"href":"https:\/\/dev.brandfactory.it\/alphastar\/wp-json\/wp\/v2\/pages\/1430"}],"collection":[{"href":"https:\/\/dev.brandfactory.it\/alphastar\/wp-json\/wp\/v2\/pages"}],"about":[{"href":"https:\/\/dev.brandfactory.it\/alphastar\/wp-json\/wp\/v2\/types\/page"}],"author":[{"embeddable":true,"href":"https:\/\/dev.brandfactory.it\/alphastar\/wp-json\/wp\/v2\/users\/4"}],"replies":[{"embeddable":true,"href":"https:\/\/dev.brandfactory.it\/alphastar\/wp-json\/wp\/v2\/comments?post=1430"}],"version-history":[{"count":7,"href":"https:\/\/dev.brandfactory.it\/alphastar\/wp-json\/wp\/v2\/pages\/1430\/revisions"}],"predecessor-version":[{"id":1580,"href":"https:\/\/dev.brandfactory.it\/alphastar\/wp-json\/wp\/v2\/pages\/1430\/revisions\/1580"}],"wp:attachment":[{"href":"https:\/\/dev.brandfactory.it\/alphastar\/wp-json\/wp\/v2\/media?parent=1430"}],"curies":[{"name":"wp","href":"https:\/\/api.w.org\/{rel}","templated":true}]}}