{"id":1464,"date":"2021-07-21T11:12:19","date_gmt":"2021-07-21T09:12:19","guid":{"rendered":"http:\/\/dev.brandfactory.it\/alphastar\/?page_id=1464"},"modified":"2021-07-21T11:12:21","modified_gmt":"2021-07-21T09:12:21","slug":"il-mercato-dellenergia","status":"publish","type":"page","link":"https:\/\/dev.brandfactory.it\/alphastar\/il-mercato-dellenergia\/","title":{"rendered":"IL MERCATO DELL\u2019ENERGIA"},"content":{"rendered":"\n<p>Tutte le informazioni sul mercato dell\u2019energia, su come viene costruito il prezzo del gas e quali sono le tariffe di riferimento del Servizio di Tutela Gas.<\/p>\n\n\n\n<p>Secondo quanto previsto dall\u2019Unione Europea, da alcuni anni in Italia ogni cliente pu\u00f2 liberamente decidere da quale venditore e a quali condizioni acquistare energia elettrica (dal luglio 2007) e gas naturale (dal gennaio 2003) per le necessit\u00e0 della propria abitazione o attivit\u00e0.<\/p>\n\n\n\n<p>Chi esercita questo diritto, entra nel cosiddetto \u201cmercato libero\u201c, dove \u00e8 il cliente a decidere quale fornitore o tipo di contratto scegliere e quando eventualmente cambiarli selezionando un\u2019offerta che ritiene pi\u00f9 interessante e conveniente. Si tratta di una scelta volontaria, che non prevede alcun obbligo.<\/p>\n\n\n\n<p>La libert\u00e0 di scelta riguarda solo le imprese venditrici di energia elettrica e di gas. Non \u00e8 invece possibile cambiare l\u2019impresa che assicura la distribuzione dell\u2019elettricit\u00e0 o del gas, attraverso linee o tubazioni, fino al punto di fornitura: questo servizio, infatti, \u00e8 affidato a societ\u00e0 che operano con tariffe fissate dall\u2019Autorit\u00e0 per l\u2019energia elettrica il gas ed il sistema idrico.<\/p>\n\n\n\n<p>Le regole del mercato unico dell\u2019energia consentono a tutti i fornitori di accedere alla totalit\u00e0 delle reti di distribuzione in condizioni di parit\u00e0, attraverso la separazione della gestione delle reti di distribuzione di elettricit\u00e0 e gas dall\u2019attivit\u00e0 di commercializzazione ai clienti finali.<\/p>\n","protected":false},"excerpt":{"rendered":"<p>Tutte le informazioni sul mercato dell\u2019energia, su come viene costruito il prezzo del gas e quali sono le tariffe di riferimento del Servizio di Tutela Gas. Secondo quanto previsto dall\u2019Unione Europea, da alcuni anni in Italia ogni cliente pu\u00f2 liberamente decidere da quale venditore e a quali condizioni acquistare energia elettrica (dal luglio 2007) e [&hellip;]<\/p>\n","protected":false},"author":4,"featured_media":0,"parent":0,"menu_order":0,"comment_status":"closed","ping_status":"closed","template":"","meta":[],"_links":{"self":[{"href":"https:\/\/dev.brandfactory.it\/alphastar\/wp-json\/wp\/v2\/pages\/1464"}],"collection":[{"href":"https:\/\/dev.brandfactory.it\/alphastar\/wp-json\/wp\/v2\/pages"}],"about":[{"href":"https:\/\/dev.brandfactory.it\/alphastar\/wp-json\/wp\/v2\/types\/page"}],"author":[{"embeddable":true,"href":"https:\/\/dev.brandfactory.it\/alphastar\/wp-json\/wp\/v2\/users\/4"}],"replies":[{"embeddable":true,"href":"https:\/\/dev.brandfactory.it\/alphastar\/wp-json\/wp\/v2\/comments?post=1464"}],"version-history":[{"count":1,"href":"https:\/\/dev.brandfactory.it\/alphastar\/wp-json\/wp\/v2\/pages\/1464\/revisions"}],"predecessor-version":[{"id":1466,"href":"https:\/\/dev.brandfactory.it\/alphastar\/wp-json\/wp\/v2\/pages\/1464\/revisions\/1466"}],"wp:attachment":[{"href":"https:\/\/dev.brandfactory.it\/alphastar\/wp-json\/wp\/v2\/media?parent=1464"}],"curies":[{"name":"wp","href":"https:\/\/api.w.org\/{rel}","templated":true}]}}