{"id":1467,"date":"2021-07-21T11:17:01","date_gmt":"2021-07-21T09:17:01","guid":{"rendered":"http:\/\/dev.brandfactory.it\/alphastar\/?page_id=1467"},"modified":"2021-08-02T11:08:28","modified_gmt":"2021-08-02T09:08:28","slug":"normative-arera","status":"publish","type":"page","link":"https:\/\/dev.brandfactory.it\/alphastar\/normative-arera\/","title":{"rendered":"NORMATIVE ARERA"},"content":{"rendered":"\n<p>A seguire le normative per i settori dell\u2019energia elettrica e il gas.<\/p>\n\n\n\n<p>L\u2019Autorit\u00e0 di Regolazione per Energia Reti e Ambiente (ARERA), \u00e8 operativa dal 23 aprile 1997, data della pubblicazione sulla Gazzetta Ufficiale del regolamento di organizzazione e funzionamento. Quale autorit\u00e0 indipendente, regola e controlla i settori dell\u2019energia elettrica e del gas come gi\u00e0 previsto dalla legge 14 novembre 1995, n. 481.<\/p>\n\n\n\n<p>Le sue finalit\u00e0 di regolazione sono rivolte al perseguimento delle seguenti finalit\u00e0:<\/p>\n\n\n\n<ul><li>Promozione della concorrenza<\/li><li>Promozione dell\u2019efficienza<\/li><li>Adeguati livelli di qualit\u00e0 nei servizi in condizioni di economicit\u00e0 e di redditivit\u00e0<\/li><li>Fruibilit\u00e0 dei servizi e diffusione in modo omogeneo sull\u2019intero territorio<\/li><li>Tutela ambientale<\/li><li>Uso efficiente delle risorse<\/li><\/ul>\n\n\n\n<p>I poteri normativi attribuiti all\u2019Autorit\u00e0 per l\u2019energia elettrica il gas e il sistema idrico (AEEGSI) attengono sia alla rete sia all\u2019erogazione del servizio.<\/p>\n\n\n\n<p><a rel=\"noreferrer noopener\" href=\"https:\/\/www.arera.it\/it\/che_cosa\/presentazione.htm\" target=\"_blank\">PER SAPERNE DI PI\u00d9<\/a><\/p>\n\n\n\n<p>Questa sezione \u00e8 dedicata alla pubblicazione degli ultimi aggiornamenti normativi erogati e che vengono obbligatoriamente portati all\u2019attenzione del cliente per informarlo.<\/p>\n\n\n\n<p>Per approfondire le normative consulta il seguente elenco:<\/p>\n\n\n\n<div class=\"wp-block-pb-accordion-item c-accordion__item js-accordion-item no-js\" data-initially-open=\"false\" data-click-to-close=\"true\" data-auto-close=\"true\" data-scroll=\"false\" data-scroll-offset=\"0\"><h2 id=\"at-14670\" class=\"c-accordion__title js-accordion-controller\" role=\"button\">Delibera ARERA 5692018Rcom \u2013 Fatturazione di importi riferiti a consumi risalenti a piu\u0300 di due anni_ALP<\/h2><div id=\"ac-14670\" class=\"c-accordion__content\">\n<p>La informiamo che, ai sensi della Delibera 569\/2018\/R\/com e s.m.i., nel caso di fatture di energia elettrica e gas naturale emesse da Alphastar contenenti contenenti la seguente dicitura:<\/p>\n\n\n\n<p>\u201cGli importi per consumi risalenti a pi\u00f9 di due anni possono non essere pagati, in applicazione della Legge di bilancio 2018 (Legge n. 205\/17) come modificata dalla Legge di bilancio 2020 (Legge n. 160\/2019). Per non pagare tali importi, La invitiamo a comunicare tempestivamente la Sua volont\u00e0, ad esempio inoltrando il modulo di eccezione della prescrizione allegato alla fattura [indicare numero fattura], ai recapiti di seguito riportati Alphastar S.r.l.\u2013 Via Spartaco Lavagnini 20 \u2013 50129 Firenze\u2013 Fax: 055 0984415 \u2013 mail&nbsp;<a href=\"mailto:contenziosi@alphastar.it\">contenziosi@alphastar.it<\/a>\u201d<\/p>\n\n\n\n<p>utilizzando l\u2019apposito formato (<a href=\"http:\/\/dev.brandfactory.it\/alphastar\/wp-content\/uploads\/MODULO-ECCEZIONE-PRESCRIZIONE-IMPORTI-FATTURATI-1.pdf\">Avviso Prescrizione Breve<\/a>) potr\u00e0 far valere agevolmente il proprio diritto alla prescrizione.<\/p>\n<\/div><\/div>\n\n\n\n<div class=\"wp-block-pb-accordion-item c-accordion__item js-accordion-item no-js\" data-initially-open=\"false\" data-click-to-close=\"true\" data-auto-close=\"true\" data-scroll=\"false\" data-scroll-offset=\"0\"><h2 id=\"at-14671\" class=\"c-accordion__title js-accordion-controller\" role=\"button\">Deliberazione 2282017Rcom -TIRV_ALP<\/h2><div id=\"ac-14671\" class=\"c-accordion__content\">\n<p>Con la delibera 228\/2017\/R\/com,in vigore dal 1 maggio 2017, l\u2019Autorit\u00e0 di Regolazione per Energia Reti e Ambienti (gi\u00e0 AEEGSI) ha approvato il \u201cTesto Integrato per l\u2019adozione di misure propedeutiche per la conferma del contratto di fornitura di energia elettrica e\/o di gas naturale e procedura ripristinatoria volontaria (TIRV)\u201d applicabile ai contratti a distanza o negoziati fuori dei locali commerciali del venditore che comprende sia le misure preventive per la conferma del contratto che la procedura ripristinatoria.<\/p>\n\n\n\n<p>Alphastar S.r.l. ha aderito, con decorrenza 21\/07\/2021, alla procedura prevista dal provvedimento di cui al TIRV con il quale l\u2019Autorit\u00e0 ha introdotto misure per la prevenzione del fenomeno dei contratti e delle attivazioni di forniture di energia elettrica e\/o di gas naturale contestati dal cliente, consentendogli di poter accedere ai rimedi offerti dall\u2019applicazione della procedura di ripristino.<\/p>\n\n\n\n<p>Il TIRV, pertanto, mediante un testo ricognitivo e organico, anche con riferimento alle previgenti disposizioni in materia di cui alle deliberazioni 153\/2012\/R\/e 266\/2014\/R\/com, ha permesso ad Alphastar S.r.l. di adottare misure idonee a prevenire il verificarsi delle ipotesi di mancata acquisizione del consenso da parte del cliente finale.<\/p>\n<\/div><\/div>\n\n\n\n<div class=\"wp-block-pb-accordion-item c-accordion__item js-accordion-item no-js\" data-initially-open=\"false\" data-click-to-close=\"true\" data-auto-close=\"true\" data-scroll=\"false\" data-scroll-offset=\"0\"><h2 id=\"at-14672\" class=\"c-accordion__title js-accordion-controller\" role=\"button\"><a>MODULO ECCEZIONE PRESCRIZIONE IMPORTI FATTURATI<\/a><\/h2><div id=\"ac-14672\" class=\"c-accordion__content\">\n\n\n<div class=\"wp-block-file\"><a href=\"http:\/\/dev.brandfactory.it\/alphastar\/wp-content\/uploads\/MODULO-ECCEZIONE-PRESCRIZIONE-IMPORTI-FATTURATI.pdf\">MODULO-ECCEZIONE-PRESCRIZIONE-IMPORTI-FATTURATI<\/a><a href=\"http:\/\/dev.brandfactory.it\/alphastar\/wp-content\/uploads\/MODULO-ECCEZIONE-PRESCRIZIONE-IMPORTI-FATTURATI.pdf\" class=\"wp-block-file__button\" download>Download<\/a><\/div>\n<\/div><\/div>\n\n\n\n<div class=\"wp-block-pb-accordion-item c-accordion__item js-accordion-item no-js\" data-initially-open=\"false\" data-click-to-close=\"true\" data-auto-close=\"true\" data-scroll=\"false\" data-scroll-offset=\"0\"><h2 id=\"at-14673\" class=\"c-accordion__title js-accordion-controller\" role=\"button\"><a>Testo integrato delle condizioni economiche per l\u2019erogazione del servizio di connessione (TIC) \u2013 disposizioni per il periodo 2020-2023_ALP<\/a><\/h2><div id=\"ac-14673\" class=\"c-accordion__content\">\n<p>Il Testo integrato delle condizioni economiche per l\u2019erogazione del servizio di connessione (TIC) contiene l\u2019aggiornamento, per il semiperiodo 2020-2023, delle condizioni procedurali ed economiche per l\u2019erogazione ai clienti finali del servizio di connessione alla rete. Si tratta dell\u2019Allegato C alla Delibera 564\/2020\/R\/EEL che \u00e8 stato modificato anche al fine di promuovere il livello ottimale di potenza impegnata per il cliente. Quest\u2019ultima \u00e8 il livello di potenza indicato nei contratti e reso disponibile dal venditore (tecnicamente si parla di potenza contrattualmente impegnata). \u00c8 definita in base alle esigenze del cliente al momento della conclusione del contratto, in funzione del tipo (e del numero) di apparecchi elettrici normalmente utilizzati.<\/p>\n\n\n\n<p>Modalit\u00e0 per la variazione della potenza disponibile<br>Per variare la potenza disponibile occorre presentare una richiesta ad Alphastar, che far\u00e0 da tramite verso il distributore per quanto riguarda sia la formulazione del preventivo sia la conferma della richiesta di variazione da parte del cliente, se questi accetta il preventivo.<\/p>\n\n\n\n<p>Se la richiesta riguarda una prestazione soggetta a preventivazione rapida (ad esempio aumento di potenza disponibile, entro i 6 kW) Alphastar informa direttamente il cliente all\u2019atto della richiesta circa costi e tempistiche di esecuzione della prestazione. Se il cliente, con il modulo di richiesta, conferma di voler procedere, Alphastar trasmetter\u00e0 la richiesta al distributore il quale dovr\u00e0 eseguire la prestazione in conformit\u00e0 alle&nbsp;disposizioni in materia di qualit\u00e0 commerciale del servizio di distribuzione come disciplinate dal TIQE.<\/p>\n\n\n\n<p>Se la pratica richiesta dal cliente non \u00e8 tra quelle eseguibili previa preventivazione rapida, Alphastar provvede a trasmettere la richiesta al distributore che, entro i successivi 15 giorni lavorativi, dovr\u00e0 formulare un preventivo. Se il cliente accetta il preventivo, seguendo le modalit\u00e0 indicate nel preventivo stesso, il distributore esegue la prestazione entro i tempi indicati nel preventivo stesso sempre nel rispetto delle disposizioni, in materia di qualit\u00e0 commerciale del servizio, previste dal TIQE 2016-2023.<\/p>\n\n\n\n<p>Condizioni economiche per l\u2019erogazione del servizio di connessione&nbsp;<a href=\"https:\/\/www.enegan.it\/wp-content\/uploads\/2021\/01\/TABELLA-TIC..pdf\">TABELLE TIC 2021<\/a><\/p>\n\n\n\n<figure class=\"wp-block-table\"><table><tbody><tr><\/tr><\/tbody><\/table><\/figure>\n\n\n\n<figure class=\"wp-block-table is-style-stripes\"><table class=\"has-black-color has-text-color has-fixed-layout\"><tbody><tr><td><\/td><td>2018 *<\/td><td>2019 **<\/td><\/tr><tr><td>Fonti Rinnovabili<\/td><td>3,99%<\/td><td>2,92%<\/td><\/tr><tr><td>Carbone<\/td><td>19,84%<\/td><td>14,04%<\/td><\/tr><tr><td>Gas naturale<\/td><td>64,33%<\/td><td>71,43%<\/td><\/tr><tr><td>Prodotti petroliferi<\/td><td>0,83%<\/td><td>0,83%<\/td><\/tr><tr><td>Nucleare<\/td><td>6,10%<\/td><td>5,62%<\/td><\/tr><tr><td>Altre Fonti<\/td><td>4,91%<\/td><td>5,16%<\/td><\/tr><tr><td><\/td><td><\/td><td><\/td><\/tr><tr><td>* consuntivo<\/td><td><\/td><td><\/td><\/tr><tr><td>* pre-consuntivo<\/td><\/tr><\/tbody><\/table><\/figure>\n<\/div><\/div>\n","protected":false},"excerpt":{"rendered":"<p>A seguire le normative per i settori dell\u2019energia elettrica e il gas. L\u2019Autorit\u00e0 di Regolazione per Energia Reti e Ambiente (ARERA), \u00e8 operativa dal 23 aprile 1997, data della pubblicazione sulla Gazzetta Ufficiale del regolamento di organizzazione e funzionamento. Quale autorit\u00e0 indipendente, regola e controlla i settori dell\u2019energia elettrica e del gas come gi\u00e0 previsto [&hellip;]<\/p>\n","protected":false},"author":4,"featured_media":0,"parent":0,"menu_order":0,"comment_status":"closed","ping_status":"closed","template":"","meta":[],"_links":{"self":[{"href":"https:\/\/dev.brandfactory.it\/alphastar\/wp-json\/wp\/v2\/pages\/1467"}],"collection":[{"href":"https:\/\/dev.brandfactory.it\/alphastar\/wp-json\/wp\/v2\/pages"}],"about":[{"href":"https:\/\/dev.brandfactory.it\/alphastar\/wp-json\/wp\/v2\/types\/page"}],"author":[{"embeddable":true,"href":"https:\/\/dev.brandfactory.it\/alphastar\/wp-json\/wp\/v2\/users\/4"}],"replies":[{"embeddable":true,"href":"https:\/\/dev.brandfactory.it\/alphastar\/wp-json\/wp\/v2\/comments?post=1467"}],"version-history":[{"count":7,"href":"https:\/\/dev.brandfactory.it\/alphastar\/wp-json\/wp\/v2\/pages\/1467\/revisions"}],"predecessor-version":[{"id":1678,"href":"https:\/\/dev.brandfactory.it\/alphastar\/wp-json\/wp\/v2\/pages\/1467\/revisions\/1678"}],"wp:attachment":[{"href":"https:\/\/dev.brandfactory.it\/alphastar\/wp-json\/wp\/v2\/media?parent=1467"}],"curies":[{"name":"wp","href":"https:\/\/api.w.org\/{rel}","templated":true}]}}