{"id":1481,"date":"2021-07-21T11:23:52","date_gmt":"2021-07-21T09:23:52","guid":{"rendered":"http:\/\/dev.brandfactory.it\/alphastar\/?page_id=1481"},"modified":"2021-07-21T11:23:54","modified_gmt":"2021-07-21T09:23:54","slug":"canone-rai-in-bolletta","status":"publish","type":"page","link":"https:\/\/dev.brandfactory.it\/alphastar\/canone-rai-in-bolletta\/","title":{"rendered":"Canone Rai in bolletta"},"content":{"rendered":"\n<h2>Canone Rai in bolletta, la modalit\u00e0 di pagamento e il costo<\/h2>\n\n\n\n<p>A partire da luglio 2016 il Canone di abbonamento alla televisione per uso privato, chiamato anche \u201cCanone rai\u201d, \u00e8 rateizzato nella bolletta della luce. Il pagamento del canone rai \u00e8 dovuto da ciascun cliente intestatario di un\u2019utenza di energia elettrica nell\u2019abitazione di residenza.<\/p>\n\n\n\n<h3>CANONE RAI IN BOLLETTA<\/h3>\n\n\n\n<p>Se sei intestatario di un\u2019utenza di energia elettrica nell\u2019abitazione in cui hai la residenza e possiedi una tv, o un apparecchio in grado di ricevere trasmissioni televisive, il canone RAI ti verr\u00e0 rateizzato direttamente nella bolletta della luce.<\/p>\n\n\n\n<p>Per apparecchio televisivo si intende un apparecchio in grado di ricevere, decodificare e visualizzare il segnale digitale terrestre o satellitare, direttamente \u2013 in quanto costruito con tutti i componenti tecnici necessari \u2013 oppure tramite decoder o sintonizzatore esterno, secondo la definizione contenuta nella nota del 20 aprile 2016 del Ministero dello Sviluppo Economico.<\/p>\n\n\n\n<h3>CANONE RAI ANNO 2019<\/h3>\n\n\n\n<p>Per l\u2019anno 2019 l\u2019importo del canone di abbonamento alla televisione per uso privato resta invariato e ammonta a \u20ac 90,00 (art.1, comma 40, della legge 11 dicembre 2016, n.232, come modificato dall\u2019art 1, comma 1147, della legge 27 dicembre 2017, n.205).<\/p>\n\n\n\n<p>I dati personali raccolti per la fornitura dell\u2019energia elettrica sono utilizzati, in base alla tipologia di cliente domestico residente, anche ai fini dell\u2019individuazione dell\u2019intestatario del canone di abbonamento e del relativo addebito contestuale alla bolletta, che, in caso di cliente domestico residente con potenza impegnata fino a 3kW (tariffa D2 della spesa per il trasporto e la gestione del contatore), avverr\u00e0 senza ulteriori verifiche sulla residenza.<\/p>\n\n\n\n<h3>Canone rai, quando si paga<\/h3>\n\n\n\n<p>L\u2019importo dovuto sar\u00e0 suddiviso in 10 rate mensili, da gennaio a ottobre. In ogni bolletta l\u2019addebito relativo al canone sar\u00e0 evidenziato con la voce: \u201cCanone di abbonamento alla televisione per uso privato\u201d con l\u2019indicazione dei mesi cui si riferiscono le rate esposte in ciascuna bolletta. Nella bolletta contenente il primo addebito del Canone Rai sar\u00e0 inserito la seguente informativa:<br>\u201cI dati personali raccolti per la fornitura dell\u2019energia elettrica sono utilizzati, in base alla tipologia di cliente domestico residente, anche ai fini dell\u2019individuazione dell\u2019intestatario del canone di abbonamento e del relativo addebito contestuale alla bolletta, che, in caso di cliente domestico residente, avverr\u00e0 senza ulteriori verifiche sulla residenza.\u201d<\/p>\n\n\n\n<h3>Canone rai, FAQ e informazioni utili<\/h3>\n\n\n\n<h4>Chi paga il canone?<\/h4>\n\n\n\n<p>Devono pagare il canone tutte le persone che abbiano uno o pi\u00f9 apparecchi televisivi, indipendentemente dall\u2019utilizzo, secondo l\u2019art 1 del R.D.L. del 21\/02\/1938 n. 246.<\/p>\n\n\n\n<p>Se sei intestatario di un\u2019utenza di energia elettrica nell\u2019abitazione in cui hai la residenza e possiedi una tv, o un apparecchio in grado di ricevere trasmissioni televisive, il canone RAI ti verr\u00e0 rateizzato direttamente nella bolletta della luce.<\/p>\n\n\n\n<p>I dati personali raccolti per la fornitura dell\u2019energia elettrica saranno utilizzati, in base alla tipologia di cliente domestico residente, anche ai fini dell\u2019individuazione dell\u2019intestatario del canone di abbonamento e del relativo addebito contestuale alla bolletta, che, in caso di cliente domestico residente con potenza impegnata fino a 3kW Tariffa Domestica Residente avverr\u00e0 senza ulteriori verifiche sulla residenza.<\/p>\n\n\n\n<h4>Con quali modalit\u00e0 avviene l\u2019eventuale rimborso?<\/h4>\n\n\n\n<p>Nell\u2019ipotesi in cui \u00e8 dovuto il rimborso degli importi versati a titolo di canone di abbonamento alla televisione per uso privato, dopo la voce Canone di abbonamento alla televisione per uso privato qualora presente, ovvero dopo il totale risultante dalla bolletta, sar\u00e0 evidenziata la voce \u201cRimborso canone di abbonamento alla televisione per uso privato\u201d con l\u2019indicazione dell\u2019anno di riferimento del rimborso.<\/p>\n\n\n\n<h4>Come deve essere richiesta l\u2019esenzione dal pagamento del Canone RAI nel caso di non detenzione degli apparecchi TV in bolletta?<\/h4>\n\n\n\n<p>Occorre presentare alla Agenzia delle Entrate la dichiarazione di non detenzione degli apparecchi TV ai fini dell\u2019esenzione dal pagamento del Canone TV in bolletta.<\/p>\n\n\n\n<p>La suddetta dichiarazione pu\u00f2 essere presentata entro il 31\/ gennaio 2018 ma l\u2019Agenzia delle Entrate ne raccomanda l\u2019invio entro la fine di dicembre 2017 al fine di evitare eventuali addebiti in bolletta e presentare successivamente un\u2019istanza di rimborso.<\/p>\n\n\n\n<p>Per i clienti sar\u00e0 possibile presentare la dichiarazione, il cui modello \u00e8 disponibile sul sito dell\u2019Agenzia delle Entrate, tramite:<\/p>\n\n\n\n<p>un\u2019applicazione web disponibile sul sito internet dell\u2019Agenzia delle Entrate, utilizzando le credenziali Fisconline o Entratel rilasciate dall\u2019Agenzia. In alternativa, sar\u00e0 possibile avvalersi degli intermediari abilitati (Caf e professionisti) per l\u2019invio per via telematica;<br>servizio postale, insieme a un valido documento di riconoscimento, in plico raccomandato senza busta all\u2019indirizzo: Agenzia delle Entrate Ufficio di Torino 1, S.A.T. \u2013 Sportello abbonamenti tv \u2013 Casella Postale 22 \u2013 10121 Torino.<br>posta elettronica certificata, firmata digitalmente, all\u2019indirizzo&nbsp;<a href=\"mailto:cp22.sat@postacertificata.rai.it\">cp22.sat@postacertificata.rai.it<\/a>.<br>Per maggiori informazioni e dettagli \u00e8 possibile consultare il sito dell\u2019Agenzia delle Entrate e della RAI.<\/p>\n\n\n\n<h4>La presunzione di detenzione degli apparecchi opera retroattivamente?<\/h4>\n\n\n\n<p>La presunzione si applica solo a partire dal 2016 e non pu\u00f2 quindi essere utilizzata per azioni di recupero relative ad eventuali periodi precedenti. Sono naturalmente fatte salve le azioni gi\u00e0 intraprese dall\u2019Agenzia delle Entrate sulla base della normativa in vigore anteriormente alla Legge di stabilit\u00e0 2016.<\/p>\n\n\n\n<h4>\u00c8 tenuto al pagamento del canone TV il contribuente intestatario dell\u2019utenza elettrica, titolare di un bed and breakfast, se gi\u00e0 paga il canone TV speciale per l\u2019unico apparecchio TV presente nell\u2019alloggio (a disposizione della famiglia e degli ospiti)?<\/h4>\n\n\n\n<p>La detenzione di un apparecchio televisivo fuori dall\u2019ambito familiare comporta l\u2019obbligo di stipulare un canone speciale. Pertanto, in tutti quei casi in cui l\u2019apparecchio sia installato in locali che ne permettano la visione anche ai propri clienti \u00e8 dovuto non gi\u00e0 il canone ordinario, ma quello speciale. In questo caso, considerato che opera la presunzione di detenzione introdotta dalla legge di stabilit\u00e0 2016 e che il contribuente gi\u00e0 paga il canone speciale, lo stesso pu\u00f2 presentare la dichiarazione sostitutiva di non detenzione.<\/p>\n\n\n\n<h4>Chi \u00e8 esente dal pagamento del canone TV?<\/h4>\n\n\n\n<p>Per conoscere quali sono le categorie esenti dal pagamento del canone, puoi consultare il sito dell\u2019Agenzia delle Entrate, nella pagina \u201cCanone TV \u2013 Casi particolari di esonero\u201d.<\/p>\n","protected":false},"excerpt":{"rendered":"<p>Canone Rai in bolletta, la modalit\u00e0 di pagamento e il costo A partire da luglio 2016 il Canone di abbonamento alla televisione per uso privato, chiamato anche \u201cCanone rai\u201d, \u00e8 rateizzato nella bolletta della luce. Il pagamento del canone rai \u00e8 dovuto da ciascun cliente intestatario di un\u2019utenza di energia elettrica nell\u2019abitazione di residenza. CANONE [&hellip;]<\/p>\n","protected":false},"author":4,"featured_media":0,"parent":0,"menu_order":0,"comment_status":"closed","ping_status":"closed","template":"","meta":[],"_links":{"self":[{"href":"https:\/\/dev.brandfactory.it\/alphastar\/wp-json\/wp\/v2\/pages\/1481"}],"collection":[{"href":"https:\/\/dev.brandfactory.it\/alphastar\/wp-json\/wp\/v2\/pages"}],"about":[{"href":"https:\/\/dev.brandfactory.it\/alphastar\/wp-json\/wp\/v2\/types\/page"}],"author":[{"embeddable":true,"href":"https:\/\/dev.brandfactory.it\/alphastar\/wp-json\/wp\/v2\/users\/4"}],"replies":[{"embeddable":true,"href":"https:\/\/dev.brandfactory.it\/alphastar\/wp-json\/wp\/v2\/comments?post=1481"}],"version-history":[{"count":1,"href":"https:\/\/dev.brandfactory.it\/alphastar\/wp-json\/wp\/v2\/pages\/1481\/revisions"}],"predecessor-version":[{"id":1483,"href":"https:\/\/dev.brandfactory.it\/alphastar\/wp-json\/wp\/v2\/pages\/1481\/revisions\/1483"}],"wp:attachment":[{"href":"https:\/\/dev.brandfactory.it\/alphastar\/wp-json\/wp\/v2\/media?parent=1481"}],"curies":[{"name":"wp","href":"https:\/\/api.w.org\/{rel}","templated":true}]}}