{"id":1484,"date":"2021-07-21T11:25:20","date_gmt":"2021-07-21T09:25:20","guid":{"rendered":"http:\/\/dev.brandfactory.it\/alphastar\/?page_id=1484"},"modified":"2021-07-21T11:25:22","modified_gmt":"2021-07-21T09:25:22","slug":"bonus-elettrico","status":"publish","type":"page","link":"https:\/\/dev.brandfactory.it\/alphastar\/bonus-elettrico\/","title":{"rendered":"Bonus elettrico"},"content":{"rendered":"\n<p>Il\u00a0<strong>Bonus Elettrico<\/strong>\u00a0\u00e8 un regime di compensazione della spesa per la fornitura di energia elettrica, sostenuta dai clienti domestici economicamente svantaggiati e\/o in gravi condizioni di salute, introdotta dal Governo, con decreto del 2007, con cui ha dato attuazione alla previsione di adozione di misure di tutela a favore di clienti vulnerabili contenute nelle direttive europee 2003\/54\/CE e 2003\/55\/CE.<\/p>\n\n\n\n<div class=\"wp-block-pb-accordion-item c-accordion__item js-accordion-item no-js\" data-initially-open=\"false\" data-click-to-close=\"true\" data-auto-close=\"true\" data-scroll=\"false\" data-scroll-offset=\"0\"><h2 id=\"at-14840\" class=\"c-accordion__title js-accordion-controller\" role=\"button\"><a>Bonus per disagio economico<\/a><\/h2><div id=\"ac-14840\" class=\"c-accordion__content\">\n<p><strong>Che cos\u2019\u00e8 il bonus per disagio economico?<\/strong><br>Il Bonus per disagio economico pu\u00f2 essere richiesto da tutti i clienti domestici intestatari di un contratto di fornitura elettrico ed \u00e8 un meccanismo nazionale di compensazione della spesa sostenuta dalle famiglie disagiate per le forniture dei servizi di pubblica utilit\u00e0 regolati dall\u2019Autorit\u00e0.<\/p>\n\n\n\n<p>Il bonus elettrico \u00e8 stato previsto dall\u2019articolo 1, comma 375 della legge 23 dicembre 2005, n. 2664, cui \u00e8 stata data attuazione con il DM 28 dicembre 2007 e con il successivo DM 29 dicembre 2016, con riferimento alle utenze in condizione di disagio economico e\/o fisico.<\/p>\n\n\n\n<p><strong>Chi pu\u00f2 richiedere il bonus per disagio economico?<\/strong><br>Il Bonus per disagio economico pu\u00f2 essere richiesto da tutti i clienti domestici intestatari di un contratto di fornitura elettrica appartenenti:<\/p>\n\n\n\n<ul><li>ad un nucleo familiare con indicatore ISEE non superiore a 8.265 euro;<\/li><li>ad un nucleo familiare con almeno 4 figli a carico (famiglia numerosa) e indicatore ISEE non superiore a 20.000 euro;<\/li><li>ad un nucleo familiare titolare di Reddito di cittadinanza o Pensione di cittadinanza<\/li><\/ul>\n\n\n\n<p>I titolari del Reddito di cittadinanza, in base alla legge 28 marzo 2019, n. 26, hanno diritto ad accedere al bonus elettrico, gas e idrico anche se la soglia ISEE \u00e8 superiore a 8.265 euro.<\/p>\n\n\n\n<p>Ogni nucleo famigliare, che abbia i requisiti, pu\u00f2 richiedere per disagio economico sia il bonus per la fornitura elettrica che per la fornitura gas.<\/p>\n\n\n\n<p><strong>Come si richiede il bonus per disagio economico?<br><\/strong><strong>Dal 1\u00b0 gennaio 2021<\/strong>&nbsp;tutti i bonus sociali per disagio economico, tra cui quello elettrico, saranno riconosciuti automaticamente ai cittadini\/nuclei familiari che ne hanno diritto, senza che questi debbano presentare domanda (Ai sensi del D.L. n. 124 del 2019, convertito con modificazioni dalla Legge n. 15 del 2019.)<br>Dal 1\u00b0 gennaio 2021 gli interessati non dovranno pi\u00f9 presentare la domanda per ottenere il bonus per disagio economico presso i Comuni o i CAF ma sar\u00e0 sufficiente che ogni anno, a partire dal 2021, il cittadino\/nucleo familiare presenti la Dichiarazione Sostitutiva Unica (DSU) per ottenere l\u2019attestazione ISEE utile per le differenti prestazioni sociali agevolate (es.: assegno di maternit\u00e0, mensa scolastica, bonus beb\u00e8 ecc.)<br>Qualora vi siano le condizioni per il riconoscimento del bonus, L\u2019INPS invier\u00e0 i dati dell\u2019avente diritto al SII (Sistema Informativo Integrato) che incrocer\u00e0 i dati ricevuti con quelli relativi alle forniture di elettricit\u00e0 e gas. Il nuovo sistema permetter\u00e0 di erogare automaticamente i bonus agli aventi diritto.<\/p>\n\n\n\n<p><strong>Eventuali domande presentate dal 1\u00b0 gennaio 2021 in poi quindi non potranno essere accettate dai Comuni e dai CAF e non saranno in ogni caso valide per ottenere il bonus.<br>I bonus 2020 in corso di erogazione al 31 dicembre 2020 continueranno ad essere erogati con le modalit\u00e0 oggi in vigore.<\/strong><\/p>\n\n\n\n<p>Per Maggiori informazioni consulta il sito:&nbsp;<a href=\"https:\/\/www.arera.it\/it\/consumatori\/ele\/bonusele_ec.htm\">https:\/\/www.arera.it\/it\/consumatori\/ele\/bonusele_ec.htm<\/a><\/p>\n\n\n\n<p><strong>Per quanto tempo viene riconosciuto il bonus per disagio economico?<\/strong><br>Il bonus per disagio economico \u00e8 riconosciuto per 12 mesi. Se ne pu\u00f2 chiedere il rinnovo circa un mese prima della scadenza dell\u2019agevolazione in corso (se, ad esempio, il periodo di agevolazione va dal 1-1-2018 al 31-12-2018, il rinnovo deve essere presentato nel mese di novembre 2018 al fine di garantire la continuit\u00e0 dell\u2019erogazione), nel caso in cui le condizioni di disagio economico persistano.<br>Ogni variazione del reddito o del nucleo familiare non varia l\u2019importo del bonus durante i 12 mesi di godimento. Un aumento o una diminuzione del reddito o del numero dei componenti potr\u00e0, eventualmente, incidere al momento del rinnovo della domanda per ottenere il bonus.<br>Nel caso in cui vi sia un cambio di residenza durante il periodo in cui \u00e8 gi\u00e0 attivo il bonus elettrico, il cittadino deve recarsi presso il nuovo Comune (CAF) di residenza presentando il modulo di variazione di residenza. Il bonus verr\u00e0 trasferito in continuit\u00e0 sul nuovo contratto di fornitura elettrica fino alla scadenza originaria del bonus stesso.<\/p>\n\n\n\n<p><strong>Quanto vale il bonus per disagio economico?<br><\/strong>Il valore del bonus dipende dal numero di componenti della famiglia anagrafica ed \u00e8 aggiornato annualmente dall\u2019ARERA.<\/p>\n<\/div><\/div>\n\n\n\n<div class=\"wp-block-pb-accordion-item c-accordion__item js-accordion-item no-js\" data-initially-open=\"false\" data-click-to-close=\"true\" data-auto-close=\"true\" data-scroll=\"false\" data-scroll-offset=\"0\"><h2 id=\"at-14841\" class=\"c-accordion__title js-accordion-controller\" role=\"button\"><a>Bonus per disagio fisico<\/a><\/h2><div id=\"ac-14841\" class=\"c-accordion__content\">\n<p><strong>Che cos\u2019\u00e8 il bonus per disagio fisico e chi pu\u00f2 richiederlo?<\/strong><br>\u00c8 la compensazione riconosciuta ai clienti domestici nel cui nucleo familiare sono presenti persone che versano in gravi condizioni di salute tali da richiedere l\u2019utilizzo di apparecchiature medico-terapeutiche necessarie per la loro esistenza in vita e alimentate ad energia elettrica.<\/p>\n\n\n\n<p><strong>Per quanto tempo viene riconosciuto il bonus per disagio fisico?<\/strong><br>Il bonus sociale per disagio fisico, viene riconosciuto fin quando sussiste la necessit\u00e0 di utilizzare le apparecchiature, senza interruzioni e senza necessit\u00e0 di rinnovo in assenza di variazioni.<\/p>\n\n\n\n<p><strong>Come si richiede il bonus per disagio fisico?<\/strong><br>La domanda va presentata presso il proprio Comune di residenza o presso un altro ente designato dal Comune (ad esempio il CAAF) utilizzando gli appositi moduli.<br>Per avere accesso al bonus, il cliente deve essere in possesso di:<\/p>\n\n\n\n<ul><li>Un&nbsp;<a href=\"https:\/\/www.arera.it\/allegati\/consumatori\/moduli\/Allegato_ASL.pdf\">certificato ASL<\/a>&nbsp;che attesti:<ul><li>la situazione di grave condizione di salute;<\/li><li>la necessit\u00e0 di utilizzare le apparecchiature elettromedicali per supporto vitale;<\/li><li>il tipo di apparecchiatura utilizzata e le ore di utilizzo giornaliero;<\/li><li>l\u2019indirizzo presso il quale l\u2019apparecchiatura \u00e8 installata;<\/li><\/ul><\/li><\/ul>\n\n\n\n<ul><li>Il documento di identit\u00e0 e il codice fiscale del richiedente e del malato se diverso dal richiedente;<\/li><li>Modulo B debitamente compilato.<\/li><\/ul>\n\n\n\n<p>E\u2019 inoltre necessario avere a disposizione alcune informazioni reperibili in bolletta o nel contratto di fornitura:<\/p>\n\n\n\n<ul><li>Codice POD (identificativo del punto di consegna dell\u2019energia). Il codice non cambia anche se si cambia fornitore;<\/li><li>La potenza impegnata o disponibile della fornitura.<\/li><\/ul>\n\n\n\n<p>Per la richiesta del bonus, non \u00e8 possibile utilizzare altre forme di certificazione delle situazioni invalidanti, quali ad esempio i certificati di invalidit\u00e0 civile.<\/p>\n\n\n\n<p>I moduli aggiornati sono scaricabili al seguente link:&nbsp;<a href=\"https:\/\/www.arera.it\/it\/bonus_sociale.htm\" target=\"_blank\" rel=\"noreferrer noopener\">https:\/\/www.arera.it\/it\/bonus_sociale.htm<\/a><\/p>\n<\/div><\/div>\n\n\n\n<p><strong>Chi ha diritto al bonus per disagio economico pu\u00f2 avere diritto al riconoscimento anche di quello per disagio fisico?<\/strong>&nbsp;Se il cliente domestico ha ottenuto il riconoscimento del bonus per disagio economico ed in casa vive un soggetto in gravi condizioni di salute che possiede i requisiti per il bonus per disagio fisico, la famiglia pu\u00f2 richiedere anche questa agevolazione.<\/p>\n\n\n\n<p><strong>Cosa accade in caso di cambio fornitore o delle condizioni economiche del contratto di fornitura?<\/strong>&nbsp;Il bonus continuer\u00e0 ad essere riconosciuto in bolletta dal nuovo fornitore, senza interruzioni, fino al termine dei 12 mesi mentre, per chi ha ottenuto il bonus sociale per disagio fisico, fino a quando sussister\u00e0 la necessit\u00e0 di utilizzare le apparecchiature, senza interruzioni e indipendentemente dal fornitore scelto.<\/p>\n","protected":false},"excerpt":{"rendered":"<p>Il\u00a0Bonus Elettrico\u00a0\u00e8 un regime di compensazione della spesa per la fornitura di energia elettrica, sostenuta dai clienti domestici economicamente svantaggiati e\/o in gravi condizioni di salute, introdotta dal Governo, con decreto del 2007, con cui ha dato attuazione alla previsione di adozione di misure di tutela a favore di clienti vulnerabili contenute nelle direttive europee [&hellip;]<\/p>\n","protected":false},"author":4,"featured_media":0,"parent":0,"menu_order":0,"comment_status":"closed","ping_status":"closed","template":"","meta":[],"_links":{"self":[{"href":"https:\/\/dev.brandfactory.it\/alphastar\/wp-json\/wp\/v2\/pages\/1484"}],"collection":[{"href":"https:\/\/dev.brandfactory.it\/alphastar\/wp-json\/wp\/v2\/pages"}],"about":[{"href":"https:\/\/dev.brandfactory.it\/alphastar\/wp-json\/wp\/v2\/types\/page"}],"author":[{"embeddable":true,"href":"https:\/\/dev.brandfactory.it\/alphastar\/wp-json\/wp\/v2\/users\/4"}],"replies":[{"embeddable":true,"href":"https:\/\/dev.brandfactory.it\/alphastar\/wp-json\/wp\/v2\/comments?post=1484"}],"version-history":[{"count":1,"href":"https:\/\/dev.brandfactory.it\/alphastar\/wp-json\/wp\/v2\/pages\/1484\/revisions"}],"predecessor-version":[{"id":1486,"href":"https:\/\/dev.brandfactory.it\/alphastar\/wp-json\/wp\/v2\/pages\/1484\/revisions\/1486"}],"wp:attachment":[{"href":"https:\/\/dev.brandfactory.it\/alphastar\/wp-json\/wp\/v2\/media?parent=1484"}],"curies":[{"name":"wp","href":"https:\/\/api.w.org\/{rel}","templated":true}]}}