{"id":1487,"date":"2021-07-21T11:25:55","date_gmt":"2021-07-21T09:25:55","guid":{"rendered":"http:\/\/dev.brandfactory.it\/alphastar\/?page_id=1487"},"modified":"2021-07-21T11:25:57","modified_gmt":"2021-07-21T09:25:57","slug":"bonus-gas","status":"publish","type":"page","link":"https:\/\/dev.brandfactory.it\/alphastar\/bonus-gas\/","title":{"rendered":"Bonus gas"},"content":{"rendered":"\n<p>Il&nbsp;<strong>Bonus Gas<\/strong>&nbsp;\u00e8 la compensazione della spesa per la fornitura di gas naturale riconosciuta a quei clienti domestici che risultino in condizioni di disagio economico.<br>L\u2019estensione del meccanismo di compensazione della spesa per le famiglie in stato di disagio economico e sociale anche alle forniture di gas naturale \u00e8 stata prevista dal D.L. 29 novembre 2008, n. 185, convertito in legge, con modificazioni, dalla Legge 28 gennaio 2009, n. 2.<\/p>\n\n\n\n<p><strong>Chi ne ha diritto?<\/strong><br>Hanno diritto al bonus sociale gas tutti i clienti domestici che hanno un contratto di fornitura di gas naturale appartenenti:<\/p>\n\n\n\n<p>a. ad un nucleo familiare con indicatore ISEE non superiore a 8.265 euro;<\/p>\n\n\n\n<p>b. ad un nucleo familiare con almeno 4 figli a carico e indicatore ISEE non superiore a 20.000 euro;<\/p>\n\n\n\n<p>c. ad un nucleo familiare titolare del Reddito di cittadinanza o Pensione di cittadinanza;<\/p>\n\n\n\n<p>d. con misuratore gas di classe non superiore a G6 (la classe del misuratore \u00e8 collegata alla quantit\u00e0 di gas che pu\u00f2 essere trasportata in un punto di fornitura e distingue le utenza domestiche da quelle di tipo industriale o commerciale. Questo parametro viene verificato dal distributore).<\/p>\n\n\n\n<p>Ogni nucleo familiare che ha i requisiti di cui alle lettere a) e b) pu\u00f2 richiedere il bonus per disagio economico per la fornitura elettrica, gas e idrica.<br>I titolari del Reddito di cittadinanza, in base alla legge 28 marzo 2019, n. 26, hanno diritto ad accedere al bonus elettrico, gas e idrico anche se la soglia ISEE \u00e8 superiore a 8.265 euro.<br>La compensazione \u00e8 riconosciuta sia ai clienti che hanno stipulato un contratto di fornitura individuale (clienti domestici diretti), sia ai clienti che utilizzano impianti condominiali (clienti domestici indiretti).<\/p>\n\n\n\n<p>Il bonus pu\u00f2 essere riconosciuto solo per i clienti titolari di forniture servite da gas naturale trasportato da reti di distribuzione.<br>La compensazione \u00e8 riconosciuta sia ai clienti che hanno stipulato un contratto di fornitura individuale cd.&nbsp;<strong>clienti domestici diretti<\/strong>, sia ai clienti che utilizzano impianti condominiali i cd.&nbsp;<strong>clienti domestici indiretti<\/strong>.<\/p>\n\n\n\n<p>Il bonus gas pu\u00f2 essere riconosciuto anche a quei soggetti titolari sia di una fornitura individuale (ad esempio: per l\u2019acqua calda e la cottura cibi) sia di una fornitura centralizzata (ad esempio per il riscaldamento), purch\u00e9 il richiedente sia in possesso dei requisiti per l\u2019accesso.<\/p>\n\n\n\n<p><strong>Come si richiede il bonus?<\/strong><\/p>\n\n\n\n<p><strong>Dal 1\u00b0 gennaio 2021<\/strong>&nbsp;tutti i bonus sociali per disagio economico, tra cui il bonus gas, saranno riconosciuti automaticamente ai cittadini\/nuclei familiari che ne hanno diritto, senza che questi debbano presentare domanda (Ai sensi del D.L. n. 124 del 2019, convertito con modificazioni dalla Legge n. 15 del 2019.)<br>Dal 1\u00b0 gennaio 2021 gli interessati non dovranno pi\u00f9 presentare la domanda per ottenere il bonus per disagio economico presso i Comuni o i CAF ma sar\u00e0 sufficiente che ogni anno, a partire dal 2021, il cittadino\/nucleo familiare presenti la Dichiarazione Sostitutiva Unica (DSU) per ottenere l\u2019attestazione ISEE utile per le differenti prestazioni sociali agevolate (es.: assegno di maternit\u00e0, mensa scolastica, bonus beb\u00e8 ecc.)<\/p>\n\n\n\n<p>Qualora vi siano le condizioni per il riconoscimento del bonus, l\u2019INPS invier\u00e0 i dati dell\u2019avente diritto al SII (Sistema Informativo Integrato) che incrocer\u00e0 i dati ricevuti con quelli relativi alle forniture di elettricit\u00e0 e gas. Il nuovo sistema permetter\u00e0 di erogare automaticamente i bonus agli aventi diritto.<br><strong>Eventuali domande presentate dal 1\u00b0 gennaio 2021 in poi quindi non potranno essere accettate dai Comuni e dai CAF e non saranno in ogni caso valide per ottenere il bonus.<\/strong><br><strong>I bonus 2020 in corso di erogazione al 31 dicembre 2020 continueranno ad essere erogati con le modalit\u00e0 oggi in vigore.<\/strong><\/p>\n\n\n\n<p>Per Maggiori informazioni consulta il sito:&nbsp;<a href=\"https:\/\/www.arera.it\/it\/bonus_gas.htm\">https:\/\/www.arera.it\/it\/bonus_gas.htm<\/a><\/p>\n\n\n\n<p><strong>Qual \u00e8 il valore del bonus sociale gas?<\/strong><br>Gli importi previsti sono differenziati rispetto alla categoria d\u2019uso associata alla fornitura di gas, alla zona climatica di appartenenza del punto di fornitura e al numero di componenti della famiglia anagrafica (persone legate da vincoli di matrimonio, parentela, affinit\u00e0, adozione, tutela o da vincoli affettivi, coabitanti ed aventi la medesima residenza).<br>Il valore del bonus \u00e8 aggiornato annualmente da ARERA.<\/p>\n\n\n\n<p><strong>Per quanto tempo viene riconosciuto il bonus?<\/strong><br>Il bonus \u00e8 riconosciuto per 12 mesi. Se ne pu\u00f2 chiedere il rinnovo circa un mese prima della scadenza dell\u2019agevolazione in corso (se, ad esempio, il periodo di agevolazione va dal 1-1-2018 al 31-12-2018, il rinnovo deve essere presentato nel mese di novembre 2018 al fine di garantire la continuit\u00e0 dell\u2019erogazione), nel caso in cui le condizioni di disagio economico persistano.<br>Ogni variazione del reddito o del nucleo familiare non varia l\u2019importo del bonus durante i 12 mesi di godimento. Un aumento o una diminuzione del reddito o del numero dei componenti potr\u00e0, eventualmente, incidere al momento del rinnovo della domanda per ottenere il bonus.<\/p>\n\n\n\n<p><strong>Pu\u00f2 essere interrotta l\u2019erogazione del bonus?<br><\/strong>In alcuni casi, quando il comune o il distributore competente rileva la mancanza o la variazione di una delle condizioni indispensabili per aver diritto all\u2019agevolazione l\u2019erogazione del bonus pu\u00f2 essere interrotta, come ad &nbsp;esempio:<\/p>\n\n\n\n<ul><li>I dati anagrafici dichiarati non sono corretti;<\/li><li>La dichiarazione ISEE risulta non veritiera o non conforme ai limiti stabiliti;<\/li><li>Il contratto di gas da \u201cuso domestico\u201d diventa \u201cuso non domestico\u201d;<\/li><li>Il contratto di gas naturale viene intestato ad altro soggetto (voltura o subentro);<\/li><li>viene istallato un misuratore con una classe superiore a G6;<\/li><li>il cliente diretto passa a cliente indiretto.<\/li><\/ul>\n\n\n\n<p><strong>Cosa succede in caso di cambio del venditore di gas naturale?<\/strong><br>In caso di cambio del venditore o del tipo di contratto (ad esempio si passa da un contratto dal mercato di maggior tutela ad uno nel mercato libero), il bonus continua ad essere erogato senza interruzioni fino al termine della validit\u00e0 del diritto.<\/p>\n\n\n\n<p>Per maggiori informazioni consulta il sito&nbsp;<a href=\"https:\/\/www.arera.it\/it\/consumatori\/gas\/bonusgas_ec.htm#diritto\" target=\"_blank\" rel=\"noreferrer noopener\">www.arera.it<\/a><\/p>\n","protected":false},"excerpt":{"rendered":"<p>Il&nbsp;Bonus Gas&nbsp;\u00e8 la compensazione della spesa per la fornitura di gas naturale riconosciuta a quei clienti domestici che risultino in condizioni di disagio economico.L\u2019estensione del meccanismo di compensazione della spesa per le famiglie in stato di disagio economico e sociale anche alle forniture di gas naturale \u00e8 stata prevista dal D.L. 29 novembre 2008, n. [&hellip;]<\/p>\n","protected":false},"author":4,"featured_media":0,"parent":0,"menu_order":0,"comment_status":"closed","ping_status":"closed","template":"","meta":[],"_links":{"self":[{"href":"https:\/\/dev.brandfactory.it\/alphastar\/wp-json\/wp\/v2\/pages\/1487"}],"collection":[{"href":"https:\/\/dev.brandfactory.it\/alphastar\/wp-json\/wp\/v2\/pages"}],"about":[{"href":"https:\/\/dev.brandfactory.it\/alphastar\/wp-json\/wp\/v2\/types\/page"}],"author":[{"embeddable":true,"href":"https:\/\/dev.brandfactory.it\/alphastar\/wp-json\/wp\/v2\/users\/4"}],"replies":[{"embeddable":true,"href":"https:\/\/dev.brandfactory.it\/alphastar\/wp-json\/wp\/v2\/comments?post=1487"}],"version-history":[{"count":1,"href":"https:\/\/dev.brandfactory.it\/alphastar\/wp-json\/wp\/v2\/pages\/1487\/revisions"}],"predecessor-version":[{"id":1489,"href":"https:\/\/dev.brandfactory.it\/alphastar\/wp-json\/wp\/v2\/pages\/1487\/revisions\/1489"}],"wp:attachment":[{"href":"https:\/\/dev.brandfactory.it\/alphastar\/wp-json\/wp\/v2\/media?parent=1487"}],"curies":[{"name":"wp","href":"https:\/\/api.w.org\/{rel}","templated":true}]}}